{"id":132,"date":"2016-09-28T22:45:24","date_gmt":"2016-09-28T20:45:24","guid":{"rendered":"http:\/\/www.richomme.org\/?page_id=132"},"modified":"2023-01-27T21:30:58","modified_gmt":"2023-01-27T20:30:58","slug":"6emes","status":"publish","type":"page","link":"https:\/\/www.richomme.org\/index.php\/mes-classes\/6emes\/","title":{"rendered":"1\u00e8re ann\u00e9e"},"content":{"rendered":"\n<h2 class=\"wp-block-heading\">Schuljahr 2022 &#8211; 2023<\/h2>\n\n\n\n<h2 class=\"wp-block-heading\">Meine Familie<\/h2>\n\n\n\n<div style=\"width: 100%;\"><div style=\"position: relative; padding-bottom: 56.25%; padding-top: 0; height: 0;\"><iframe loading=\"lazy\" title=\"meine Familie\" frameborder=\"0\" width=\"1200\" height=\"675\" style=\"position: absolute; top: 0; left: 0; width: 100%; height: 100%;\" src=\"https:\/\/view.genial.ly\/63ce88ed4a75d100100a70b4\" type=\"text\/html\" allowscriptaccess=\"always\" allowfullscreen=\"true\" scrolling=\"yes\" allownetworking=\"all\"><\/iframe> <\/div> <\/div>\n\n\n\n<h2 class=\"wp-block-heading\">Sch\u00f6ne Adventszeit!<\/h2>\n\n\n\n<div style=\"width: 100%;\"><div style=\"position: relative; padding-bottom: 56.25%; padding-top: 0; height: 0;\"><iframe loading=\"lazy\" title=\"Calendrier de l'Avent 2021\" style=\"position: absolute; top: 0; left: 0; width: 100%; height: 100%;\" src=\"https:\/\/view.genial.ly\/61a52830789be10dd22bbc50\" type=\"text\/html\" allowscriptaccess=\"always\" allowfullscreen=\"true\" scrolling=\"yes\" allownetworking=\"all\" width=\"1200\" height=\"675\" frameborder=\"0\"><\/iframe> <\/div> <\/div>\n\n\n\n<div style=\"width: 100%;\"><div style=\"position: relative; padding-bottom: 77.86%; padding-top: 0; height: 0;\"><iframe loading=\"lazy\" title=\"Adventskalender ADEAF 2022\" style=\"position: absolute; top: 0; left: 0; width: 100%; height: 100%;\" src=\"https:\/\/view.genial.ly\/6383970819670a00198ff1cc\" type=\"text\/html\" allowscriptaccess=\"always\" allowfullscreen=\"true\" scrolling=\"yes\" allownetworking=\"all\" width=\"1400\" height=\"1090\" frameborder=\"0\"><\/iframe> <\/div> <\/div>\n\n\n\n<h2 class=\"wp-block-heading\">die Hobbys<\/h2>\n\n\n\n<div style=\"width: 100%;\"><div style=\"position: relative; padding-bottom: 56.25%; padding-top: 0; height: 0;\"><iframe loading=\"lazy\" title=\"die Hobbys\" style=\"position: absolute; top: 0; left: 0; width: 100%; height: 100%;\" src=\"https:\/\/view.genial.ly\/61894848b7faad0d6bd9054b\" type=\"text\/html\" allowscriptaccess=\"always\" allowfullscreen=\"true\" scrolling=\"yes\" allownetworking=\"all\" width=\"1200\" height=\"675\" frameborder=\"0\"><\/iframe> <\/div> <\/div>\n\n\n\n<p>Voici la pr\u00e9sentation du premier cours de la rentr\u00e9e 2022:<\/p>\n\n\n\n<div style=\"width: 100%;\"><div style=\"position: relative; padding-bottom: 56.25%; padding-top: 0; height: 0;\"><iframe loading=\"lazy\" style=\"position: absolute; top: 0; left: 0; width: 100%; height: 100%;\" src=\"https:\/\/view.genial.ly\/612924989606e30dbd28439f\" type=\"text\/html\" allowscriptaccess=\"always\" allowfullscreen=\"true\" scrolling=\"yes\" allownetworking=\"all\" width=\"1200\" height=\"675\" frameborder=\"0\"><\/iframe> <\/div> <\/div>\n\n\n\n<p>Wie hei\u00dft du? <\/p>\n\n\n\n<p>Lis la liste des pr\u00e9noms suivants en veillant \u00e0 bien prononcer et choisis-toi un pr\u00e9nom allemand<\/p>\n\n\n\n<div style=\"width: 100%;\"><div style=\"position: relative; padding-bottom: 56.25%; padding-top: 0; height: 0;\"><iframe loading=\"lazy\" style=\"position: absolute; top: 0; left: 0; width: 100%; height: 100%;\" src=\"https:\/\/view.genial.ly\/6315ec81c585ff001885d7e0\" type=\"text\/html\" allowscriptaccess=\"always\" allowfullscreen=\"true\" scrolling=\"yes\" allownetworking=\"all\" width=\"1200\" height=\"675\" frameborder=\"0\"><\/iframe> <\/div> <\/div>\n\n\n\n<h2 class=\"wp-block-heading\">La prononciation et l&rsquo;alphabet<\/h2>\n\n\n\n<div style=\"width: 100%;\"><div style=\"position: relative; padding-bottom: 56.25%; padding-top: 0; height: 0;\"><iframe loading=\"lazy\" style=\"position: absolute; top: 0; left: 0; width: 100%; height: 100%;\" src=\"https:\/\/view.genial.ly\/613b2895ef6a250ddd3d934f\" type=\"text\/html\" allowscriptaccess=\"always\" allowfullscreen=\"true\" scrolling=\"yes\" allownetworking=\"all\" width=\"1200\" height=\"675\" frameborder=\"0\"><\/iframe> <\/div> <\/div>\n\n\n\n<h2 class=\"wp-block-heading\">Compter jusqu&rsquo;\u00e0 12 et dire son \u00e2ge<\/h2>\n\n\n\n<div style=\"width: 100%;\"><div style=\"position: relative; padding-bottom: 56.25%; padding-top: 0; height: 0;\"><iframe loading=\"lazy\" style=\"position: absolute; top: 0; left: 0; width: 100%; height: 100%;\" src=\"https:\/\/view.genial.ly\/614099552a9ce20de3aaf3a3\" type=\"text\/html\" allowscriptaccess=\"always\" allowfullscreen=\"true\" scrolling=\"yes\" allownetworking=\"all\" width=\"1200\" height=\"675\" frameborder=\"0\"><\/iframe> <\/div> <\/div>\n\n\n\n<h2 class=\"wp-block-heading\">Bis 10 000 z\u00e4hlen<\/h2>\n\n\n\n<div style=\"width: 100%;\"><div style=\"position: relative; padding-bottom: 56.25%; padding-top: 0; height: 0;\"><iframe loading=\"lazy\" title=\"bis 100 z\u00e4hlen\" style=\"position: absolute; top: 0; left: 0; width: 100%; height: 100%;\" src=\"https:\/\/view.genial.ly\/615dcf75a535ce0df1ecd636\" type=\"text\/html\" allowscriptaccess=\"always\" allowfullscreen=\"true\" scrolling=\"yes\" allownetworking=\"all\" width=\"1200\" height=\"675\" frameborder=\"0\"><\/iframe> <\/div> <\/div>\n\n\n\n<h2 class=\"wp-block-heading\">Begr\u00fc\u00dfung und Abschied : Guten Tag \/ Hallo&#8230;.Tsch\u00fcss<\/h2>\n\n\n\n<div style=\"width: 100%;\"><div style=\"position: relative; padding-bottom: 56.25%; padding-top: 0; height: 0;\"><iframe loading=\"lazy\" style=\"position: absolute; top: 0; left: 0; width: 100%; height: 100%;\" src=\"https:\/\/view.genial.ly\/613f66b0bac9e90dcd7a20b2\" type=\"text\/html\" allowscriptaccess=\"always\" allowfullscreen=\"true\" scrolling=\"yes\" allownetworking=\"all\" width=\"1200\" height=\"675\" frameborder=\"0\"><\/iframe> <\/div> <\/div>\n\n\n\n<h2 class=\"wp-block-heading\">Je me pr\u00e9sente: ich stelle mich vor<\/h2>\n\n\n\n<div style=\"width: 100%;\"><div style=\"position: relative; padding-bottom: 56.25%; padding-top: 0; height: 0;\"><iframe loading=\"lazy\" style=\"position: absolute; top: 0; left: 0; width: 100%; height: 100%;\" src=\"https:\/\/view.genial.ly\/6329d113a1ac440013389f12\" type=\"text\/html\" allowscriptaccess=\"always\" allowfullscreen=\"true\" scrolling=\"yes\" allownetworking=\"all\" width=\"1200\" height=\"675\" frameborder=\"0\"><\/iframe> <\/div> <\/div>\n\n\n\n<h2 class=\"wp-block-heading\">Ich mache ein Interview<\/h2>\n\n\n\n<div style=\"width: 100%;\"><div style=\"position: relative; padding-bottom: 56.25%; padding-top: 0; height: 0;\"><iframe loading=\"lazy\" title=\"Je fais une interview en allemand\" style=\"position: absolute; top: 0; left: 0; width: 100%; height: 100%;\" src=\"https:\/\/view.genial.ly\/614df8000554660ddde5568f\" type=\"text\/html\" allowscriptaccess=\"always\" allowfullscreen=\"true\" scrolling=\"yes\" allownetworking=\"all\" width=\"1200\" height=\"675\" frameborder=\"0\"><\/iframe> <\/div> <\/div>\n\n\n\n<h2 class=\"wp-block-heading\">Farben und L\u00e4nder<\/h2>\n\n\n\n<div style=\"width: 100%;\"><div style=\"position: relative; padding-bottom: 56.25%; padding-top: 0; height: 0;\"><iframe loading=\"lazy\" title=\"les couleurs et les pays d'Europe\" style=\"position: absolute; top: 0; left: 0; width: 100%; height: 100%;\" src=\"https:\/\/view.genial.ly\/615dcdc77e0c660df8f7c62d\" type=\"text\/html\" allowscriptaccess=\"always\" allowfullscreen=\"true\" scrolling=\"yes\" allownetworking=\"all\" width=\"1200\" height=\"675\" frameborder=\"0\"><\/iframe> <\/div> <\/div>\n\n\n\n<h2 class=\"wp-block-heading\">das Datum<\/h2>\n\n\n\n<div style=\"width: 100%;\"><div style=\"position: relative; padding-bottom: 56.25%; padding-top: 0; height: 0;\"><iframe loading=\"lazy\" title=\"das Datum\" style=\"position: absolute; top: 0; left: 0; width: 100%; height: 100%;\" src=\"https:\/\/view.genial.ly\/615dd92dad7bd50e094085a7\" type=\"text\/html\" allowscriptaccess=\"always\" allowfullscreen=\"true\" scrolling=\"yes\" allownetworking=\"all\" width=\"1200\" height=\"675\" frameborder=\"0\"><\/iframe> <\/div> <\/div>\n\n\n\n<h2 class=\"wp-block-heading\">Wie geht es dir?<\/h2>\n\n\n\n<div style=\"width: 100%;\"><div style=\"position: relative; padding-bottom: 56.25%; padding-top: 0; height: 0;\"><iframe loading=\"lazy\" title=\"Wie geht es dir?\" style=\"position: absolute; top: 0; left: 0; width: 100%; height: 100%;\" src=\"https:\/\/view.genial.ly\/6335bb073b3e570011968ae8\" type=\"text\/html\" allowscriptaccess=\"always\" allowfullscreen=\"true\" scrolling=\"yes\" allownetworking=\"all\" width=\"1200\" height=\"675\" frameborder=\"0\"><\/iframe> <\/div> <\/div>\n\n\n\n<h1 class=\"wp-block-heading\"><strong>Schuljahr 2021 &#8211; 2022<\/strong><\/h1>\n\n\n\n<h2 class=\"wp-block-heading\">essen und trinken<\/h2>\n\n\n\n<div style=\"width: 100%;\"><div style=\"position: relative; padding-bottom: 56.25%; padding-top: 0; height: 0;\"><iframe loading=\"lazy\" style=\"position: absolute; top: 0; left: 0; width: 100%; height: 100%;\" src=\"https:\/\/view.genial.ly\/623e0d8da3d88d0018ed0a81\" type=\"text\/html\" allowscriptaccess=\"always\" allowfullscreen=\"true\" scrolling=\"yes\" allownetworking=\"all\" width=\"1200\" height=\"675\" frameborder=\"0\"><\/iframe> <\/div> <\/div>\n\n\n\n<h2 class=\"wp-block-heading\">die Haustiere<\/h2>\n\n\n\n<div style=\"width: 100%;\"><div style=\"position: relative; padding-bottom: 56.25%; padding-top: 0; height: 0;\"><iframe loading=\"lazy\" style=\"position: absolute; top: 0; left: 0; width: 100%; height: 100%;\" src=\"https:\/\/view.genial.ly\/622261051cfe5e001a633910\" type=\"text\/html\" allowscriptaccess=\"always\" allowfullscreen=\"true\" scrolling=\"yes\" allownetworking=\"all\" width=\"1200\" height=\"675\" frameborder=\"0\"><\/iframe> <\/div> <\/div>\n\n\n\n<h2 class=\"wp-block-heading\">die Familie<\/h2>\n\n\n\n<div style=\"width: 100%;\"><div style=\"position: relative; padding-bottom: 56.25%; padding-top: 0; height: 0;\"><iframe loading=\"lazy\" style=\"position: absolute; top: 0; left: 0; width: 100%; height: 100%;\" src=\"https:\/\/view.genial.ly\/61d970f0d2c6070de780ae47\" type=\"text\/html\" allowscriptaccess=\"always\" allowfullscreen=\"true\" scrolling=\"yes\" allownetworking=\"all\" width=\"1200\" height=\"675\" frameborder=\"0\"><\/iframe> <\/div> <\/div>\n\n\n\n<h2 class=\"wp-block-heading\">die Hobbys<\/h2>\n\n\n\n<div style=\"width: 100%;\"><div style=\"position: relative; padding-bottom: 56.25%; padding-top: 0; height: 0;\"><iframe loading=\"lazy\" style=\"position: absolute; top: 0; left: 0; width: 100%; height: 100%;\" src=\"https:\/\/view.genial.ly\/5fa58563316b3b0cf52d7bc0\" type=\"text\/html\" allowscriptaccess=\"always\" allowfullscreen=\"true\" scrolling=\"yes\" allownetworking=\"all\" width=\"1200\" height=\"675\" frameborder=\"0\"><\/iframe> <\/div> <\/div>\n","protected":false},"excerpt":{"rendered":"<p>Schuljahr 2022 &#8211; 2023 Meine Familie Sch\u00f6ne Adventszeit! die Hobbys Voici la pr\u00e9sentation du premier cours de la rentr\u00e9e 2022: Wie hei\u00dft du? Lis la liste des pr\u00e9noms suivants en veillant \u00e0 bien prononcer et choisis-toi un pr\u00e9nom allemand La &hellip; <a href=\"https:\/\/www.richomme.org\/index.php\/mes-classes\/6emes\/\">Continuer la lecture <span class=\"meta-nav\">&rarr;<\/span><\/a><\/p>\n","protected":false},"author":1,"featured_media":0,"parent":10,"menu_order":0,"comment_status":"closed","ping_status":"closed","template":"","meta":{"footnotes":""},"_links":{"self":[{"href":"https:\/\/www.richomme.org\/index.php\/wp-json\/wp\/v2\/pages\/132"}],"collection":[{"href":"https:\/\/www.richomme.org\/index.php\/wp-json\/wp\/v2\/pages"}],"about":[{"href":"https:\/\/www.richomme.org\/index.php\/wp-json\/wp\/v2\/types\/page"}],"author":[{"embeddable":true,"href":"https:\/\/www.richomme.org\/index.php\/wp-json\/wp\/v2\/users\/1"}],"replies":[{"embeddable":true,"href":"https:\/\/www.richomme.org\/index.php\/wp-json\/wp\/v2\/comments?post=132"}],"version-history":[{"count":82,"href":"https:\/\/www.richomme.org\/index.php\/wp-json\/wp\/v2\/pages\/132\/revisions"}],"predecessor-version":[{"id":918,"href":"https:\/\/www.richomme.org\/index.php\/wp-json\/wp\/v2\/pages\/132\/revisions\/918"}],"up":[{"embeddable":true,"href":"https:\/\/www.richomme.org\/index.php\/wp-json\/wp\/v2\/pages\/10"}],"wp:attachment":[{"href":"https:\/\/www.richomme.org\/index.php\/wp-json\/wp\/v2\/media?parent=132"}],"curies":[{"name":"wp","href":"https:\/\/api.w.org\/{rel}","templated":true}]}}