{"id":137,"date":"2016-09-28T22:52:40","date_gmt":"2016-09-28T20:52:40","guid":{"rendered":"http:\/\/www.richomme.org\/?page_id=137"},"modified":"2022-09-26T15:14:05","modified_gmt":"2022-09-26T13:14:05","slug":"5emes","status":"publish","type":"page","link":"https:\/\/www.richomme.org\/index.php\/mes-classes\/5emes\/","title":{"rendered":"2\u00e8me ann\u00e9e"},"content":{"rendered":"\n<h2 class=\"wp-block-heading\">Schulstart 2022<\/h2>\n\n\n\n<p>Voici un quiz de r\u00e9vision pour revoir certaines le\u00e7ons de l&rsquo;an dernier!<\/p>\n\n\n\n<div style=\"width: 100%;\"><div style=\"position: relative; padding-bottom: 56.25%; padding-top: 0; height: 0;\"><iframe loading=\"lazy\" style=\"position: absolute; top: 0; left: 0; width: 100%; height: 100%;\" src=\"https:\/\/view.genial.ly\/630cc4947e26a90011f8276b\" type=\"text\/html\" allowscriptaccess=\"always\" allowfullscreen=\"true\" scrolling=\"yes\" allownetworking=\"all\" width=\"1200\" height=\"675\" frameborder=\"0\"><\/iframe> <\/div> <\/div>\n\n\n\n<p>Voici une pr\u00e9sentation pour revoir les bases de la prononciation<\/p>\n\n\n\n<div style=\"width: 100%;\"><div style=\"position: relative; padding-bottom: 56.25%; padding-top: 0; height: 0;\"><iframe loading=\"lazy\" style=\"position: absolute; top: 0; left: 0; width: 100%; height: 100%;\" src=\"https:\/\/view.genial.ly\/61b7818608f6d80db4d654a2\" type=\"text\/html\" allowscriptaccess=\"always\" allowfullscreen=\"true\" scrolling=\"yes\" allownetworking=\"all\" width=\"1200\" height=\"675\" frameborder=\"0\"><\/iframe> <\/div> <\/div>\n\n\n\n<h2 class=\"wp-block-heading\">Wie viel Uhr ist es?<\/h2>\n\n\n\n<div style=\"width: 100%;\"><div style=\"position: relative; padding-bottom: 56.25%; padding-top: 0; height: 0;\"><iframe loading=\"lazy\" frameborder=\"0\" width=\"1200\" height=\"675\" style=\"position: absolute; top: 0; left: 0; width: 100%; height: 100%;\" src=\"https:\/\/view.genial.ly\/6321ea94b1ca27001171d5a5\" type=\"text\/html\" allowscriptaccess=\"always\" allowfullscreen=\"true\" scrolling=\"yes\" allownetworking=\"all\"><\/iframe> <\/div> <\/div>\n\n\n\n<h2 class=\"wp-block-heading\">Mein Alltag<\/h2>\n\n\n\n<div style=\"width: 100%;\"><div style=\"position: relative; padding-bottom: 56.25%; padding-top: 0; height: 0;\"><iframe loading=\"lazy\" frameborder=\"0\" width=\"1200\" height=\"675\" style=\"position: absolute; top: 0; left: 0; width: 100%; height: 100%;\" src=\"https:\/\/view.genial.ly\/61daef901d0f2b0ded90b3fc\" type=\"text\/html\" allowscriptaccess=\"always\" allowfullscreen=\"true\" scrolling=\"yes\" allownetworking=\"all\"><\/iframe> <\/div> <\/div>\n\n\n\n<h2 class=\"wp-block-heading\">Schuljahr 2021 &#8211; 2022<\/h2>\n\n\n\n<h2 class=\"wp-block-heading\">das Perfekt<\/h2>\n\n\n\n<div style=\"width: 100%;\"><div style=\"position: relative; padding-bottom: 56.25%; padding-top: 0; height: 0;\"><iframe loading=\"lazy\" style=\"position: absolute; top: 0; left: 0; width: 100%; height: 100%;\" src=\"https:\/\/view.genial.ly\/626bb60fe89adb0011eb6fb8\" type=\"text\/html\" allowscriptaccess=\"always\" allowfullscreen=\"true\" scrolling=\"yes\" allownetworking=\"all\" width=\"1200\" height=\"675\" frameborder=\"0\"><\/iframe> <\/div> <\/div>\n\n\n\n<h2 class=\"wp-block-heading\">das Wetter<\/h2>\n\n\n\n<div style=\"width: 100%;\"><div style=\"position: relative; padding-bottom: 56.25%; padding-top: 0; height: 0;\"><iframe loading=\"lazy\" style=\"position: absolute; top: 0; left: 0; width: 100%; height: 100%;\" src=\"https:\/\/view.genial.ly\/5ebfb27f8e243b0d5a3303df\" type=\"text\/html\" allowscriptaccess=\"always\" allowfullscreen=\"true\" scrolling=\"yes\" allownetworking=\"all\" width=\"1200\" height=\"675\" frameborder=\"0\"><\/iframe> <\/div> <\/div>\n\n\n\n<h2 class=\"wp-block-heading\">eine Stadt vorstellen<\/h2>\n\n\n\n<div style=\"width: 100%;\"><div style=\"position: relative; padding-bottom: 56.25%; padding-top: 0; height: 0;\"><iframe loading=\"lazy\" style=\"position: absolute; top: 0; left: 0; width: 100%; height: 100%;\" src=\"https:\/\/view.genial.ly\/61dee8aae0b3820de2c153f6\" type=\"text\/html\" allowscriptaccess=\"always\" allowfullscreen=\"true\" scrolling=\"yes\" allownetworking=\"all\" width=\"1200\" height=\"675\" frameborder=\"0\"><\/iframe> <\/div> <\/div>\n\n\n\n<h2 class=\"wp-block-heading\"><\/h2>\n\n\n\n<h2 class=\"wp-block-heading\">Einen Wohnort beschreiben<\/h2>\n\n\n\n<div style=\"width: 100%;\"><div style=\"position: relative; padding-bottom: 56.25%; padding-top: 0; height: 0;\"><iframe loading=\"lazy\" style=\"position: absolute; top: 0; left: 0; width: 100%; height: 100%;\" src=\"https:\/\/view.genial.ly\/6197d802c89ea20de2dd53d4\" type=\"text\/html\" allowscriptaccess=\"always\" allowfullscreen=\"true\" scrolling=\"yes\" allownetworking=\"all\" width=\"1200\" height=\"675\" frameborder=\"0\"><\/iframe> <\/div> <\/div>\n\n\n\n<h2 class=\"wp-block-heading\">Ein Portr\u00e4t schreiben<\/h2>\n\n\n\n<div style=\"width: 100%;\"><div style=\"position: relative; padding-bottom: 56.25%; padding-top: 0; height: 0;\"><iframe loading=\"lazy\" style=\"position: absolute; top: 0; left: 0; width: 100%; height: 100%;\" src=\"https:\/\/view.genial.ly\/5fb3ff67146a480d9713b2ed\" type=\"text\/html\" allowscriptaccess=\"always\" allowfullscreen=\"true\" scrolling=\"yes\" allownetworking=\"all\" width=\"1200\" height=\"675\" frameborder=\"0\"><\/iframe> <\/div> <\/div>\n\n\n\n<h2 class=\"wp-block-heading\">Mein Alltag<\/h2>\n\n\n\n<div style=\"width: 100%;\"><div style=\"position: relative; padding-bottom: 56.25%; padding-top: 0; height: 0;\"><iframe loading=\"lazy\" style=\"position: absolute; top: 0; left: 0; width: 100%; height: 100%;\" src=\"https:\/\/view.genial.ly\/6144be751fa49b0db9d5a300\" type=\"text\/html\" allowscriptaccess=\"always\" allowfullscreen=\"true\" scrolling=\"yes\" allownetworking=\"all\" width=\"1200\" height=\"675\" frameborder=\"0\"><\/iframe> <\/div> <\/div>\n\n\n\n\n\n\n\n<p>Voici des documents pour r\u00e9viser les s\u00e9quences faites en 1\u00e8re ann\u00e9e: <\/p>\n\n\n\n<div data-wp-interactive=\"core\/file\" class=\"wp-block-file\"><object data-wp-bind--hidden=\"!state.hasPdfPreview\"  class=\"wp-block-file__embed\" data=\"https:\/\/www.richomme.org\/wp-content\/uploads\/2021\/08\/A1-Sequence-1-dintroduction-1.pdf\" type=\"application\/pdf\" style=\"width:100%;height:600px\" aria-label=\"Contenu embarqu\u00e9 Contenu embarqu\u00e9 A1-Sequence-1-dintroduction-1..\"><\/object><a href=\"https:\/\/www.richomme.org\/wp-content\/uploads\/2021\/08\/A1-Sequence-1-dintroduction-1.pdf\">A1-Sequence-1-dintroduction-1<\/a><a href=\"https:\/\/www.richomme.org\/wp-content\/uploads\/2021\/08\/A1-Sequence-1-dintroduction-1.pdf\" class=\"wp-block-file__button\" download>T\u00e9l\u00e9charger<\/a><\/div>\n\n\n\n<div data-wp-interactive=\"core\/file\" class=\"wp-block-file\"><object data-wp-bind--hidden=\"!state.hasPdfPreview\"  class=\"wp-block-file__embed\" data=\"https:\/\/www.richomme.org\/wp-content\/uploads\/2021\/08\/A1-Sequence-2-sur-les-nombres-et-la-date-1.pdf\" type=\"application\/pdf\" style=\"width:100%;height:600px\" aria-label=\"Contenu embarqu\u00e9 Contenu embarqu\u00e9 A1-Sequence-2-sur-les-nombres-et-la-date-1..\"><\/object><a href=\"https:\/\/www.richomme.org\/wp-content\/uploads\/2021\/08\/A1-Sequence-2-sur-les-nombres-et-la-date-1.pdf\">A1-Sequence-2-sur-les-nombres-et-la-date-1<\/a><a href=\"https:\/\/www.richomme.org\/wp-content\/uploads\/2021\/08\/A1-Sequence-2-sur-les-nombres-et-la-date-1.pdf\" class=\"wp-block-file__button\" download>T\u00e9l\u00e9charger<\/a><\/div>\n\n\n\n<p><\/p>\n\n\n\n<div data-wp-interactive=\"core\/file\" class=\"wp-block-file\"><object data-wp-bind--hidden=\"!state.hasPdfPreview\"  class=\"wp-block-file__embed\" data=\"https:\/\/www.richomme.org\/wp-content\/uploads\/2021\/08\/A1-Sequence-3-sur-les-loisirs-1.pdf\" type=\"application\/pdf\" style=\"width:100%;height:600px\" aria-label=\"Contenu embarqu\u00e9 Contenu embarqu\u00e9 A1-Sequence-3-sur-les-loisirs-1..\"><\/object><a href=\"https:\/\/www.richomme.org\/wp-content\/uploads\/2021\/08\/A1-Sequence-3-sur-les-loisirs-1.pdf\">A1-Sequence-3-sur-les-loisirs-1<\/a><a href=\"https:\/\/www.richomme.org\/wp-content\/uploads\/2021\/08\/A1-Sequence-3-sur-les-loisirs-1.pdf\" class=\"wp-block-file__button\" download>T\u00e9l\u00e9charger<\/a><\/div>\n\n\n\n<div data-wp-interactive=\"core\/file\" class=\"wp-block-file\"><object data-wp-bind--hidden=\"!state.hasPdfPreview\"  class=\"wp-block-file__embed\" data=\"https:\/\/www.richomme.org\/wp-content\/uploads\/2021\/08\/A1-Sequence-4-sur-la-famille-1.pdf\" type=\"application\/pdf\" style=\"width:100%;height:600px\" aria-label=\"Contenu embarqu\u00e9 Contenu embarqu\u00e9 A1-Sequence-4-sur-la-famille-1..\"><\/object><a href=\"https:\/\/www.richomme.org\/wp-content\/uploads\/2021\/08\/A1-Sequence-4-sur-la-famille-1.pdf\">A1-Sequence-4-sur-la-famille-1<\/a><a href=\"https:\/\/www.richomme.org\/wp-content\/uploads\/2021\/08\/A1-Sequence-4-sur-la-famille-1.pdf\" class=\"wp-block-file__button\" download>T\u00e9l\u00e9charger<\/a><\/div>\n\n\n\n<div data-wp-interactive=\"core\/file\" class=\"wp-block-file\"><object data-wp-bind--hidden=\"!state.hasPdfPreview\"  class=\"wp-block-file__embed\" data=\"https:\/\/www.richomme.org\/wp-content\/uploads\/2021\/08\/A1-Sequence-5-sur-la-maison-1.pdf\" type=\"application\/pdf\" style=\"width:100%;height:600px\" aria-label=\"Contenu embarqu\u00e9 Contenu embarqu\u00e9 A1-Sequence-5-sur-la-maison-1..\"><\/object><a href=\"https:\/\/www.richomme.org\/wp-content\/uploads\/2021\/08\/A1-Sequence-5-sur-la-maison-1.pdf\">A1-Sequence-5-sur-la-maison-1<\/a><a href=\"https:\/\/www.richomme.org\/wp-content\/uploads\/2021\/08\/A1-Sequence-5-sur-la-maison-1.pdf\" class=\"wp-block-file__button\" download>T\u00e9l\u00e9charger<\/a><\/div>\n\n\n\n<div data-wp-interactive=\"core\/file\" class=\"wp-block-file\"><object data-wp-bind--hidden=\"!state.hasPdfPreview\"  class=\"wp-block-file__embed\" data=\"https:\/\/www.richomme.org\/wp-content\/uploads\/2021\/08\/A1-Sequence-6-sur-lecole-1.pdf\" type=\"application\/pdf\" style=\"width:100%;height:600px\" aria-label=\"Contenu embarqu\u00e9 Contenu embarqu\u00e9 A1-Sequence-6-sur-lecole-1..\"><\/object><a href=\"https:\/\/www.richomme.org\/wp-content\/uploads\/2021\/08\/A1-Sequence-6-sur-lecole-1.pdf\">A1-Sequence-6-sur-lecole-1<\/a><a href=\"https:\/\/www.richomme.org\/wp-content\/uploads\/2021\/08\/A1-Sequence-6-sur-lecole-1.pdf\" class=\"wp-block-file__button\" download>T\u00e9l\u00e9charger<\/a><\/div>\n\n\n\n<div data-wp-interactive=\"core\/file\" class=\"wp-block-file\"><object data-wp-bind--hidden=\"!state.hasPdfPreview\"  class=\"wp-block-file__embed\" data=\"https:\/\/www.richomme.org\/wp-content\/uploads\/2021\/08\/A1-Sequence-7-sur-les-heures-et-la-routine-quotidienne-1.pdf\" type=\"application\/pdf\" style=\"width:100%;height:600px\" aria-label=\"Contenu embarqu\u00e9 Contenu embarqu\u00e9 A1-Sequence-7-sur-les-heures-et-la-routine-quotidienne-1..\"><\/object><a href=\"https:\/\/www.richomme.org\/wp-content\/uploads\/2021\/08\/A1-Sequence-7-sur-les-heures-et-la-routine-quotidienne-1.pdf\">A1-Sequence-7-sur-les-heures-et-la-routine-quotidienne-1<\/a><a href=\"https:\/\/www.richomme.org\/wp-content\/uploads\/2021\/08\/A1-Sequence-7-sur-les-heures-et-la-routine-quotidienne-1.pdf\" class=\"wp-block-file__button\" download>T\u00e9l\u00e9charger<\/a><\/div>\n\n\n\n<div data-wp-interactive=\"core\/file\" class=\"wp-block-file\"><object data-wp-bind--hidden=\"!state.hasPdfPreview\"  class=\"wp-block-file__embed\" data=\"https:\/\/www.richomme.org\/wp-content\/uploads\/2021\/08\/A1-Sequence-8-sur-les-repas-1.pdf\" type=\"application\/pdf\" style=\"width:100%;height:600px\" aria-label=\"Contenu embarqu\u00e9 Contenu embarqu\u00e9 A1-Sequence-8-sur-les-repas-1..\"><\/object><a href=\"https:\/\/www.richomme.org\/wp-content\/uploads\/2021\/08\/A1-Sequence-8-sur-les-repas-1.pdf\">A1-Sequence-8-sur-les-repas-1<\/a><a href=\"https:\/\/www.richomme.org\/wp-content\/uploads\/2021\/08\/A1-Sequence-8-sur-les-repas-1.pdf\" class=\"wp-block-file__button\" download>T\u00e9l\u00e9charger<\/a><\/div>\n\n\n\n<div data-wp-interactive=\"core\/file\" class=\"wp-block-file\"><object data-wp-bind--hidden=\"!state.hasPdfPreview\"  class=\"wp-block-file__embed\" data=\"https:\/\/www.richomme.org\/wp-content\/uploads\/2021\/08\/A1-Voici-les-liens-pour-les-differentes-presentations-1.pdf\" type=\"application\/pdf\" style=\"width:100%;height:600px\" aria-label=\"Contenu embarqu\u00e9 Contenu embarqu\u00e9 A1-Voici-les-liens-pour-les-differentes-presentations-1..\"><\/object><a href=\"https:\/\/www.richomme.org\/wp-content\/uploads\/2021\/08\/A1-Voici-les-liens-pour-les-differentes-presentations-1.pdf\">A1-Voici-les-liens-pour-les-differentes-presentations-1<\/a><a href=\"https:\/\/www.richomme.org\/wp-content\/uploads\/2021\/08\/A1-Voici-les-liens-pour-les-differentes-presentations-1.pdf\" class=\"wp-block-file__button\" download>T\u00e9l\u00e9charger<\/a><\/div>\n\n\n\n<p><\/p>\n","protected":false},"excerpt":{"rendered":"<p>Schulstart 2022 Voici un quiz de r\u00e9vision pour revoir certaines le\u00e7ons de l&rsquo;an dernier! Voici une pr\u00e9sentation pour revoir les bases de la prononciation Wie viel Uhr ist es? Mein Alltag Schuljahr 2021 &#8211; 2022 das Perfekt das Wetter eine &hellip; <a href=\"https:\/\/www.richomme.org\/index.php\/mes-classes\/5emes\/\">Continuer la lecture <span class=\"meta-nav\">&rarr;<\/span><\/a><\/p>\n","protected":false},"author":1,"featured_media":0,"parent":10,"menu_order":0,"comment_status":"closed","ping_status":"closed","template":"","meta":{"footnotes":""},"_links":{"self":[{"href":"https:\/\/www.richomme.org\/index.php\/wp-json\/wp\/v2\/pages\/137"}],"collection":[{"href":"https:\/\/www.richomme.org\/index.php\/wp-json\/wp\/v2\/pages"}],"about":[{"href":"https:\/\/www.richomme.org\/index.php\/wp-json\/wp\/v2\/types\/page"}],"author":[{"embeddable":true,"href":"https:\/\/www.richomme.org\/index.php\/wp-json\/wp\/v2\/users\/1"}],"replies":[{"embeddable":true,"href":"https:\/\/www.richomme.org\/index.php\/wp-json\/wp\/v2\/comments?post=137"}],"version-history":[{"count":65,"href":"https:\/\/www.richomme.org\/index.php\/wp-json\/wp\/v2\/pages\/137\/revisions"}],"predecessor-version":[{"id":902,"href":"https:\/\/www.richomme.org\/index.php\/wp-json\/wp\/v2\/pages\/137\/revisions\/902"}],"up":[{"embeddable":true,"href":"https:\/\/www.richomme.org\/index.php\/wp-json\/wp\/v2\/pages\/10"}],"wp:attachment":[{"href":"https:\/\/www.richomme.org\/index.php\/wp-json\/wp\/v2\/media?parent=137"}],"curies":[{"name":"wp","href":"https:\/\/api.w.org\/{rel}","templated":true}]}}