{"id":142,"date":"2016-09-28T23:09:50","date_gmt":"2016-09-28T21:09:50","guid":{"rendered":"http:\/\/www.richomme.org\/?page_id=142"},"modified":"2021-02-16T12:33:46","modified_gmt":"2021-02-16T11:33:46","slug":"gemunden-am-main","status":"publish","type":"page","link":"https:\/\/www.richomme.org\/index.php\/mes-echanges\/gemunden-am-main\/","title":{"rendered":"Fuldatal"},"content":{"rendered":"\n<p>Voici le montage photos de l&rsquo;\u00e9change 2019 <a href=\"https:\/\/youtu.be\/RybDDm_P0eE \">https:\/\/youtu.be\/RybDDm_P0eE <\/a><\/p>\n\n\n\n<p>Lien vers le magazine web r\u00e9dig\u00e9 en 2019 par les \u00e9l\u00e8ves: <a href=\"https:\/\/madmagz.com\/fr\/magazine\/1599662\">https:\/\/madmagz.com\/fr\/magazine\/1599662<\/a><\/p>\n\n\n\n<p>Voici le lien vers le site web du coll\u00e8ge partenaire: die Gesamtschule Fuldatal <a href=\"http:\/\/www.gsfuldatal.de\/\">http:\/\/www.gsfuldatal.de\/<\/a><\/p>\n\n\n\n<p>Lien vers la ville de nos correspondants: Kassel <a href=\"http:\/\/www.villes.co\/allemagne\/ville_kassel_34117.html\">http:\/\/www.villes.co\/allemagne\/ville_kassel_34117.html<\/a><\/p>\n","protected":false},"excerpt":{"rendered":"<p>Voici le montage photos de l&rsquo;\u00e9change 2019 https:\/\/youtu.be\/RybDDm_P0eE Lien vers le magazine web r\u00e9dig\u00e9 en 2019 par les \u00e9l\u00e8ves: https:\/\/madmagz.com\/fr\/magazine\/1599662 Voici le lien vers le site web du coll\u00e8ge partenaire: die Gesamtschule Fuldatal http:\/\/www.gsfuldatal.de\/ Lien vers la ville de nos &hellip; <a href=\"https:\/\/www.richomme.org\/index.php\/mes-echanges\/gemunden-am-main\/\">Continuer la lecture <span class=\"meta-nav\">&rarr;<\/span><\/a><\/p>\n","protected":false},"author":1,"featured_media":0,"parent":12,"menu_order":0,"comment_status":"closed","ping_status":"closed","template":"","meta":{"footnotes":""},"_links":{"self":[{"href":"https:\/\/www.richomme.org\/index.php\/wp-json\/wp\/v2\/pages\/142"}],"collection":[{"href":"https:\/\/www.richomme.org\/index.php\/wp-json\/wp\/v2\/pages"}],"about":[{"href":"https:\/\/www.richomme.org\/index.php\/wp-json\/wp\/v2\/types\/page"}],"author":[{"embeddable":true,"href":"https:\/\/www.richomme.org\/index.php\/wp-json\/wp\/v2\/users\/1"}],"replies":[{"embeddable":true,"href":"https:\/\/www.richomme.org\/index.php\/wp-json\/wp\/v2\/comments?post=142"}],"version-history":[{"count":7,"href":"https:\/\/www.richomme.org\/index.php\/wp-json\/wp\/v2\/pages\/142\/revisions"}],"predecessor-version":[{"id":626,"href":"https:\/\/www.richomme.org\/index.php\/wp-json\/wp\/v2\/pages\/142\/revisions\/626"}],"up":[{"embeddable":true,"href":"https:\/\/www.richomme.org\/index.php\/wp-json\/wp\/v2\/pages\/12"}],"wp:attachment":[{"href":"https:\/\/www.richomme.org\/index.php\/wp-json\/wp\/v2\/media?parent=142"}],"curies":[{"name":"wp","href":"https:\/\/api.w.org\/{rel}","templated":true}]}}