{"id":147,"date":"2016-09-28T23:12:50","date_gmt":"2016-09-28T21:12:50","guid":{"rendered":"http:\/\/www.richomme.org\/?page_id=147"},"modified":"2022-07-25T21:57:10","modified_gmt":"2022-07-25T19:57:10","slug":"gemunden-am-main-2","status":"publish","type":"page","link":"https:\/\/www.richomme.org\/index.php\/mes-echanges\/gemunden-am-main-2\/","title":{"rendered":"Gem\u00fcnden am Main"},"content":{"rendered":"\n<h2 class=\"wp-block-heading\">Echange Pr\u00e9vert &#8211; Gem\u00fcnden am Main 2022<\/h2>\n\n\n\n<div style=\"width: 100%;\"><div style=\"position: relative; padding-bottom: 56.25%; padding-top: 0; height: 0;\"><iframe loading=\"lazy\" style=\"position: absolute; top: 0; left: 0; width: 100%; height: 100%;\" src=\"https:\/\/view.genial.ly\/628a13361757040018a0ef83\" type=\"text\/html\" allowscriptaccess=\"always\" allowfullscreen=\"true\" scrolling=\"yes\" allownetworking=\"all\" width=\"1200\" height=\"675\" frameborder=\"0\"><\/iframe> <\/div> <\/div>\n\n\n\n<div data-wp-interactive=\"core\/file\" class=\"wp-block-file\"><object data-wp-bind--hidden=\"!state.hasPdfPreview\"  class=\"wp-block-file__embed\" data=\"https:\/\/www.richomme.org\/wp-content\/uploads\/2022\/07\/J1-Gemunden-Lohr-am-Main.pdf\" type=\"application\/pdf\" style=\"width:100%;height:600px\" aria-label=\"Contenu embarqu\u00e9 Contenu embarqu\u00e9 J1-Gemunden-Lohr-am-Main..\"><\/object><a href=\"https:\/\/www.richomme.org\/wp-content\/uploads\/2022\/07\/J1-Gemunden-Lohr-am-Main.pdf\">J1-Gemunden-Lohr-am-Main<\/a><a href=\"https:\/\/www.richomme.org\/wp-content\/uploads\/2022\/07\/J1-Gemunden-Lohr-am-Main.pdf\" class=\"wp-block-file__button\" download>T\u00e9l\u00e9charger<\/a><\/div>\n\n\n\n<div data-wp-interactive=\"core\/file\" class=\"wp-block-file\"><object data-wp-bind--hidden=\"!state.hasPdfPreview\"  class=\"wp-block-file__embed\" data=\"https:\/\/www.richomme.org\/wp-content\/uploads\/2022\/07\/J2-Mine-de-Merkers.pdf\" type=\"application\/pdf\" style=\"width:100%;height:600px\" aria-label=\"Contenu embarqu\u00e9 Contenu embarqu\u00e9 J2-Mine-de-Merkers..\"><\/object><a href=\"https:\/\/www.richomme.org\/wp-content\/uploads\/2022\/07\/J2-Mine-de-Merkers.pdf\">J2-Mine-de-Merkers<\/a><a href=\"https:\/\/www.richomme.org\/wp-content\/uploads\/2022\/07\/J2-Mine-de-Merkers.pdf\" class=\"wp-block-file__button\" download>T\u00e9l\u00e9charger<\/a><\/div>\n\n\n\n<div data-wp-interactive=\"core\/file\" class=\"wp-block-file\"><object data-wp-bind--hidden=\"!state.hasPdfPreview\"  class=\"wp-block-file__embed\" data=\"https:\/\/www.richomme.org\/wp-content\/uploads\/2022\/07\/Jour-2-sur-les-traces-du-Rideau-de-Fer.pdf\" type=\"application\/pdf\" style=\"width:100%;height:600px\" aria-label=\"Contenu embarqu\u00e9 Contenu embarqu\u00e9 Jour-2-sur-les-traces-du-Rideau-de-Fer..\"><\/object><a href=\"https:\/\/www.richomme.org\/wp-content\/uploads\/2022\/07\/Jour-2-sur-les-traces-du-Rideau-de-Fer.pdf\">Jour-2-sur-les-traces-du-Rideau-de-Fer<\/a><a href=\"https:\/\/www.richomme.org\/wp-content\/uploads\/2022\/07\/Jour-2-sur-les-traces-du-Rideau-de-Fer.pdf\" class=\"wp-block-file__button\" download>T\u00e9l\u00e9charger<\/a><\/div>\n\n\n\n<div data-wp-interactive=\"core\/file\" class=\"wp-block-file\"><object data-wp-bind--hidden=\"!state.hasPdfPreview\"  class=\"wp-block-file__embed\" data=\"https:\/\/www.richomme.org\/wp-content\/uploads\/2022\/07\/Jour-3-Bamberg.pdf\" type=\"application\/pdf\" style=\"width:100%;height:600px\" aria-label=\"Contenu embarqu\u00e9 Contenu embarqu\u00e9 Jour-3-Bamberg..\"><\/object><a href=\"https:\/\/www.richomme.org\/wp-content\/uploads\/2022\/07\/Jour-3-Bamberg.pdf\">Jour-3-Bamberg<\/a><a href=\"https:\/\/www.richomme.org\/wp-content\/uploads\/2022\/07\/Jour-3-Bamberg.pdf\" class=\"wp-block-file__button\" download>T\u00e9l\u00e9charger<\/a><\/div>\n\n\n\n<div data-wp-interactive=\"core\/file\" class=\"wp-block-file\"><object data-wp-bind--hidden=\"!state.hasPdfPreview\"  class=\"wp-block-file__embed\" data=\"https:\/\/www.richomme.org\/wp-content\/uploads\/2022\/07\/Jour-3-sentier-suspendu-en-foret.pdf\" type=\"application\/pdf\" style=\"width:100%;height:600px\" aria-label=\"Contenu embarqu\u00e9 Contenu embarqu\u00e9 Jour-3-sentier-suspendu-en-foret..\"><\/object><a href=\"https:\/\/www.richomme.org\/wp-content\/uploads\/2022\/07\/Jour-3-sentier-suspendu-en-foret.pdf\">Jour-3-sentier-suspendu-en-foret<\/a><a href=\"https:\/\/www.richomme.org\/wp-content\/uploads\/2022\/07\/Jour-3-sentier-suspendu-en-foret.pdf\" class=\"wp-block-file__button\" download>T\u00e9l\u00e9charger<\/a><\/div>\n\n\n\n<div data-wp-interactive=\"core\/file\" class=\"wp-block-file\"><object data-wp-bind--hidden=\"!state.hasPdfPreview\"  class=\"wp-block-file__embed\" data=\"https:\/\/www.richomme.org\/wp-content\/uploads\/2022\/07\/J4-La-Residence-de-Wurzburg.pdf\" type=\"application\/pdf\" style=\"width:100%;height:600px\" aria-label=\"Contenu embarqu\u00e9 Contenu embarqu\u00e9 J4-La-Residence-de-Wurzburg..\"><\/object><a href=\"https:\/\/www.richomme.org\/wp-content\/uploads\/2022\/07\/J4-La-Residence-de-Wurzburg.pdf\">J4-La-Residence-de-Wurzburg<\/a><a href=\"https:\/\/www.richomme.org\/wp-content\/uploads\/2022\/07\/J4-La-Residence-de-Wurzburg.pdf\" class=\"wp-block-file__button\" download>T\u00e9l\u00e9charger<\/a><\/div>\n\n\n\n<div data-wp-interactive=\"core\/file\" class=\"wp-block-file\"><object data-wp-bind--hidden=\"!state.hasPdfPreview\"  class=\"wp-block-file__embed\" data=\"https:\/\/www.richomme.org\/wp-content\/uploads\/2022\/07\/J4-Wurzburg-et-ses-vignes.pdf\" type=\"application\/pdf\" style=\"width:100%;height:600px\" aria-label=\"Contenu embarqu\u00e9 Contenu embarqu\u00e9 J4-Wurzburg-et-ses-vignes..\"><\/object><a href=\"https:\/\/www.richomme.org\/wp-content\/uploads\/2022\/07\/J4-Wurzburg-et-ses-vignes.pdf\">J4-Wurzburg-et-ses-vignes<\/a><a href=\"https:\/\/www.richomme.org\/wp-content\/uploads\/2022\/07\/J4-Wurzburg-et-ses-vignes.pdf\" class=\"wp-block-file__button\" download>T\u00e9l\u00e9charger<\/a><\/div>\n\n\n\n<div data-wp-interactive=\"core\/file\" class=\"wp-block-file\"><object data-wp-bind--hidden=\"!state.hasPdfPreview\"  class=\"wp-block-file__embed\" data=\"https:\/\/www.richomme.org\/wp-content\/uploads\/2022\/07\/Les-adieux.pdf\" type=\"application\/pdf\" style=\"width:100%;height:600px\" aria-label=\"Contenu embarqu\u00e9 Contenu embarqu\u00e9 Les-adieux..\"><\/object><a href=\"https:\/\/www.richomme.org\/wp-content\/uploads\/2022\/07\/Les-adieux.pdf\">Les-adieux<\/a><a href=\"https:\/\/www.richomme.org\/wp-content\/uploads\/2022\/07\/Les-adieux.pdf\" class=\"wp-block-file__button\" download>T\u00e9l\u00e9charger<\/a><\/div>\n\n\n\n<p>Voici le montage photos des \u00e9changes 2018 et 2017 <a href=\"https:\/\/youtu.be\/8rwEZrlyiZU \">https:\/\/youtu.be\/8rwEZrlyiZU <\/a><\/p>\n\n\n\n<p><\/p>\n\n\n\n<p>Voici le magazine web r\u00e9dig\u00e9 en 2018 par les \u00e9l\u00e8ves: <a href=\"https:\/\/madmagz.com\/fr\/magazine\/1402053#\/\">https:\/\/madmagz.com\/fr\/magazine\/1402053#\/<\/a><\/p>\n\n\n\n<p>Voici le magazine web r\u00e9dig\u00e9 en 2017<a href=\"https:\/\/madmagz.com\/fr\/magazine\/1123489#\/\">https:\/\/madmagz.com\/fr\/magazine\/1123489#\/<\/a><\/p>\n\n\n\n<p>Lien avec le coll\u00e8ge des correspondants bavarois: <a href=\"https:\/\/www.flg-gemuenden.de\/category\/franzoesisch\/\">https:\/\/www.flg-gemuenden.de\/category\/franzoesisch\/<\/a><\/p>\n","protected":false},"excerpt":{"rendered":"<p>Echange Pr\u00e9vert &#8211; Gem\u00fcnden am Main 2022 Voici le montage photos des \u00e9changes 2018 et 2017 https:\/\/youtu.be\/8rwEZrlyiZU Voici le magazine web r\u00e9dig\u00e9 en 2018 par les \u00e9l\u00e8ves: https:\/\/madmagz.com\/fr\/magazine\/1402053#\/ Voici le magazine web r\u00e9dig\u00e9 en 2017https:\/\/madmagz.com\/fr\/magazine\/1123489#\/ Lien avec le coll\u00e8ge des &hellip; <a href=\"https:\/\/www.richomme.org\/index.php\/mes-echanges\/gemunden-am-main-2\/\">Continuer la lecture <span class=\"meta-nav\">&rarr;<\/span><\/a><\/p>\n","protected":false},"author":1,"featured_media":0,"parent":12,"menu_order":0,"comment_status":"closed","ping_status":"closed","template":"","meta":{"footnotes":""},"_links":{"self":[{"href":"https:\/\/www.richomme.org\/index.php\/wp-json\/wp\/v2\/pages\/147"}],"collection":[{"href":"https:\/\/www.richomme.org\/index.php\/wp-json\/wp\/v2\/pages"}],"about":[{"href":"https:\/\/www.richomme.org\/index.php\/wp-json\/wp\/v2\/types\/page"}],"author":[{"embeddable":true,"href":"https:\/\/www.richomme.org\/index.php\/wp-json\/wp\/v2\/users\/1"}],"replies":[{"embeddable":true,"href":"https:\/\/www.richomme.org\/index.php\/wp-json\/wp\/v2\/comments?post=147"}],"version-history":[{"count":8,"href":"https:\/\/www.richomme.org\/index.php\/wp-json\/wp\/v2\/pages\/147\/revisions"}],"predecessor-version":[{"id":880,"href":"https:\/\/www.richomme.org\/index.php\/wp-json\/wp\/v2\/pages\/147\/revisions\/880"}],"up":[{"embeddable":true,"href":"https:\/\/www.richomme.org\/index.php\/wp-json\/wp\/v2\/pages\/12"}],"wp:attachment":[{"href":"https:\/\/www.richomme.org\/index.php\/wp-json\/wp\/v2\/media?parent=147"}],"curies":[{"name":"wp","href":"https:\/\/api.w.org\/{rel}","templated":true}]}}