{"id":88,"date":"2016-09-27T21:47:49","date_gmt":"2016-09-27T19:47:49","guid":{"rendered":"http:\/\/www.richomme.org\/?page_id=88"},"modified":"2022-01-31T16:41:35","modified_gmt":"2022-01-31T15:41:35","slug":"liens","status":"publish","type":"page","link":"https:\/\/www.richomme.org\/index.php\/liens\/","title":{"rendered":"Mes Liens"},"content":{"rendered":"\n<h1 class=\"wp-block-heading\">Quelques chansons allemandes \u00e0 \u00e9couter:<\/h1>\n\n\n\n<div style=\"width: 100%;\"><div style=\"position: relative; padding-bottom: 56.25%; padding-top: 0; height: 0;\"><iframe loading=\"lazy\" frameborder=\"0\" width=\"1200\" height=\"675\" style=\"position: absolute; top: 0; left: 0; width: 100%; height: 100%;\" src=\"https:\/\/view.genial.ly\/61f7e479cc9de300120ab954\" type=\"text\/html\" allowscriptaccess=\"always\" allowfullscreen=\"true\" scrolling=\"yes\" allownetworking=\"all\"><\/iframe> <\/div> <\/div>\n\n\n\n<h2 class=\"wp-block-heading\">Le cin\u00e9ma allemand en quelques bandes annonces<\/h2>\n\n\n\n<div style=\"width: 100%;\"><div style=\"position: relative; padding-bottom: 56.25%; padding-top: 0; height: 0;\"><iframe loading=\"lazy\" frameborder=\"0\" width=\"1200\" height=\"675\" style=\"position: absolute; top: 0; left: 0; width: 100%; height: 100%;\" src=\"https:\/\/view.genial.ly\/61f7e7e9cc9de300120ab9c3\" type=\"text\/html\" allowscriptaccess=\"always\" allowfullscreen=\"true\" scrolling=\"yes\" allownetworking=\"all\"><\/iframe> <\/div> <\/div>\n\n\n\n<h1 class=\"wp-block-heading\">Sites m\u00e9dias<\/h1>\n\n\n\n<ul><li><a href=\"http:\/\/www.tivi.de\/fernsehen\/logo\/start\/index.html\">tivi.de<\/a>:&nbsp;Journal TV jeunesse de ZDF + histoire + M\u00e9t\u00e9o<\/li><\/ul>\n\n\n\n<h1 class=\"wp-block-heading\">Pour apprendre<\/h1>\n\n\n\n<ul><li><a href=\"http:\/\/steph.raymond.free.fr\/3LV1\/index3LV1.php\">exercices niveau 3\u00e8me (quizz ou qcm)&nbsp;<\/a>par St\u00e9phane RAYMOND<\/li><li><a href=\"http:\/\/steph.raymond.free.fr\/4LV1\/index4LV1.php\">exercices niveau 4\u00e8me<\/a>&nbsp;par St\u00e9phane RAYMOND<\/li><li><a href=\"http:\/\/steph.raymond.free.fr\/5LV1\/index5LV1.php\">exercices niveau 5\u00e8me<\/a>&nbsp;par St\u00e9phane RAYMOND<\/li><li><a href=\"http:\/\/steph.raymond.free.fr\/6LV1\/index6LV1.php\">exercices niveau 6\u00e8me <\/a>&nbsp;par St\u00e9phane RAYMOND<\/li><\/ul>\n\n\n\n<h1 class=\"wp-block-heading\">Pour s&rsquo;amuser<\/h1>\n\n\n\n<ul><li><a href=\"http:\/\/jpalexandre.chez-alice.fr\/pageeleve.htm\">germanisgood<\/a> site avec plein d&rsquo;activit\u00e9s autour de l&rsquo;Allemand<\/li><\/ul>\n\n\n\n<h1 class=\"wp-block-heading\">En rapport avec les \u00e9changes<\/h1>\n\n\n\n<ul><li>site de la ville de <a href=\"http:\/\/www.stadt-kassel.de\/\">Kassel<\/a><\/li><li>Site de la ville de <a href=\"http:\/\/www.berlin.de\/\">Berlin<\/a><\/li><li>Site de <a href=\"http:\/\/www.stadt-gemuenden.info\/\">Gem\u00fcnden am Main<\/a><\/li><li>Site de <a href=\"https:\/\/www.fuldatal.de\/\">Fuldatal<\/a><\/li><\/ul>\n","protected":false},"excerpt":{"rendered":"<p>Quelques chansons allemandes \u00e0 \u00e9couter: Le cin\u00e9ma allemand en quelques bandes annonces Sites m\u00e9dias tivi.de:&nbsp;Journal TV jeunesse de ZDF + histoire + M\u00e9t\u00e9o Pour apprendre exercices niveau 3\u00e8me (quizz ou qcm)&nbsp;par St\u00e9phane RAYMOND exercices niveau 4\u00e8me&nbsp;par St\u00e9phane RAYMOND exercices niveau &hellip; <a href=\"https:\/\/www.richomme.org\/index.php\/liens\/\">Continuer la lecture <span class=\"meta-nav\">&rarr;<\/span><\/a><\/p>\n","protected":false},"author":1,"featured_media":0,"parent":0,"menu_order":0,"comment_status":"closed","ping_status":"closed","template":"","meta":{"footnotes":""},"_links":{"self":[{"href":"https:\/\/www.richomme.org\/index.php\/wp-json\/wp\/v2\/pages\/88"}],"collection":[{"href":"https:\/\/www.richomme.org\/index.php\/wp-json\/wp\/v2\/pages"}],"about":[{"href":"https:\/\/www.richomme.org\/index.php\/wp-json\/wp\/v2\/types\/page"}],"author":[{"embeddable":true,"href":"https:\/\/www.richomme.org\/index.php\/wp-json\/wp\/v2\/users\/1"}],"replies":[{"embeddable":true,"href":"https:\/\/www.richomme.org\/index.php\/wp-json\/wp\/v2\/comments?post=88"}],"version-history":[{"count":9,"href":"https:\/\/www.richomme.org\/index.php\/wp-json\/wp\/v2\/pages\/88\/revisions"}],"predecessor-version":[{"id":850,"href":"https:\/\/www.richomme.org\/index.php\/wp-json\/wp\/v2\/pages\/88\/revisions\/850"}],"wp:attachment":[{"href":"https:\/\/www.richomme.org\/index.php\/wp-json\/wp\/v2\/media?parent=88"}],"curies":[{"name":"wp","href":"https:\/\/api.w.org\/{rel}","templated":true}]}}